{"id":12292,"date":"2025-01-20T17:35:06","date_gmt":"2025-01-20T23:35:06","guid":{"rendered":"https:\/\/urbanista.mx\/?page_id=12292"},"modified":"2025-08-11T19:16:31","modified_gmt":"2025-08-12T01:16:31","slug":"terminos-y-condiciones-brokers","status":"publish","type":"page","link":"https:\/\/urbanista.mx\/en\/terminos-y-condiciones-brokers\/","title":{"rendered":"T\u00e9rminos y Condiciones Brokers"},"content":{"rendered":"<div data-elementor-type=\"wp-page\" data-elementor-id=\"12292\" class=\"elementor elementor-12292\" data-elementor-post-type=\"page\">\n\t\t\t\t<div class=\"elementor-element elementor-element-123823c e-flex e-con-boxed e-con e-parent\" data-id=\"123823c\" data-element_type=\"container\" data-e-type=\"container\">\n\t\t\t\t\t<div class=\"e-con-inner\">\n\t\t\t\t<div class=\"elementor-element elementor-element-02f119a elementor-widget elementor-widget-heading\" data-id=\"02f119a\" data-element_type=\"widget\" data-e-type=\"widget\" data-widget_type=\"heading.default\">\n\t\t\t\t\t<h2 class=\"elementor-heading-title elementor-size-default\">Terms and Conditions<\/h2>\t\t\t\t<\/div>\n\t\t\t\t\t<\/div>\n\t\t\t\t<\/div>\n\t\t<div class=\"elementor-element elementor-element-c7bc4a7 e-flex e-con-boxed e-con e-parent\" data-id=\"c7bc4a7\" data-element_type=\"container\" data-e-type=\"container\">\n\t\t\t\t\t<div class=\"e-con-inner\">\n\t\t\t\t<div class=\"elementor-element elementor-element-a7604de elementor-widget__width-initial elementor-widget elementor-widget-text-editor\" data-id=\"a7604de\" data-element_type=\"widget\" data-e-type=\"widget\" data-widget_type=\"text-editor.default\">\n\t\t\t\t\t\t\t\t\t<p><strong>PROCESO DE REGISTRO Y PROGRAMACI\u00d3N DE CITAS<\/strong><\/p><ul><li>Las solicitudes de citas deber\u00e1n realizarse exclusivamente a trav\u00e9s de la p\u00e1gina <br \/>oficial: https:\/\/urbanista.mx\/brokers\/. No se aceptar\u00e1n solicitudes por otros medios.<\/li><li>La confirmaci\u00f3n, modificaci\u00f3n o cancelaci\u00f3n de citas se gestionar\u00e1 \u00fanicamente <br \/>mediante el n\u00famero donde te gestionaron tu cita. Cualquier comunicaci\u00f3n fuera de este canal no ser\u00e1 v\u00e1lida.<\/li><\/ul><p>El registro de clientes se formalizar\u00e1 \u00fanicamente tras la confirmaci\u00f3n de un tour <br \/>programado. No se registrar\u00e1n clientes sin esta verificaci\u00f3n.<\/p><p><strong>PROCESO DE ARRENDAMIENTO<\/strong><\/p><ul><li>Urbanista ser\u00e1 el \u00fanico responsable de realizar los tours de las propiedades.<\/li><li>La presencia del broker en el tour es un requisito obligatorio para ser elegible al pago de comisiones. La inasistencia resultar\u00e1 en la exclusi\u00f3n del proceso de pago.<\/li><li>Urbanista enviar\u00e1 las cotizaciones directamente al cliente, con copia al broker, quien deber\u00e1 garantizar la correcta comunicaci\u00f3n con el cliente.<\/li><li>El cierre de contratos ser\u00e1 liderado por Urbanista, con la colaboraci\u00f3n obligatoria <br \/>del broker en el seguimiento correspondiente.<\/li><\/ul><p><strong>PROCESO DE PAGO DE COMISIONES<\/strong><\/p><ul><li>Las facturas deber\u00e1n enviarse al correo atencionbrokers@urbanhub.com.mx.<\/li><li>El pago de comisiones se realizar\u00e1 \u00fanicamente tras la firma del contrato y la <br \/>recepci\u00f3n del dep\u00f3sito en garant\u00eda y el primer mes de renta.<\/li><li>En caso de terminaci\u00f3n anticipada del contrato por parte del cliente (entre el d\u00eda 1 y el mes 9), se retendr\u00e1 el 50% de la comisi\u00f3n previamente pagada, deducible del <br \/>siguiente cierre de contrato en cualquier edificio de Urbanista.<\/li><li>La facturaci\u00f3n deber\u00e1 cumplir estrictamente con las disposiciones fiscales <br \/>aplicables al broker.<\/li><\/ul><p>Las fechas de pago a proveedores deber\u00e1n consultarse directamente con Urbanista. No se aceptar\u00e1n reclamaciones por la omisi\u00f3n o falta de conocimiento del calendario.<\/p><p><strong>PUBLICACIONES<\/strong><\/p><ul><li><strong>EST\u00c1 ESTRICTAMENTE PROHIBIDO PUBLICAR O ANUNCIAR INMUEBLES DE URBANISTA EN CUALQUIER PLATAFORMA DE RENTA O VENTA DE NMUEBLES,<\/strong> de cualquier \u00edndole, incluyendo, pero no limitado a, <strong>INMUEBLES2, VIVA ANUNCIOS, <\/strong><br \/><strong>ETC.<\/strong><\/li><li><strong>EST\u00c1<\/strong> estrictamente prohibido contratar, gestionar o difundir publicidad en <br \/>plataformas digitales, tales como Google, Meta (Facebook e Instagram), o cualquier otra plataforma de publicidad en l\u00ednea.<\/li><li>Las propiedades de Urbanista solo podr\u00e1n publicarse en plataformas propias del broker, previa autorizaci\u00f3n expresa y por escrito de Urbanista. No se aceptar\u00e1n excepciones.<\/li><li><strong>LAS PUBLICACIONES CON PRECIOS ERR\u00d3NEOS NO DAR\u00c1N DERECHO AL PAGO <\/strong><br \/><strong>DE COMISIONES CORRESPONDIENTES.<\/strong> Adem\u00e1s, Urbanista se reserva el derecho <br \/>de terminar la relaci\u00f3n comercial con el broker en caso de publicaciones con <br \/>informaci\u00f3n incorrecta.<br \/>\u2022 Urbanista proporcionar\u00e1 quincenalmente, v\u00eda correo electr\u00f3nico, la informaci\u00f3n <br \/>oficial sobre disponibilidad, precios, fotos, planos y caracter\u00edsticas de los <br \/>departamentos.<br \/>\u2022 Los precios publicados de los departamentos de Urbanista deber\u00e1n reflejar <br \/>exclusivamente el monto de la renta base, detallando como servicios adicionales: <br \/>servicios, mascota, estacionamiento, muebles, oficina privada y bodega (sujeto a <br \/>disponibilidad).<\/li><\/ul><p><strong>EN CASO DE QUE SE DETECTE ESTA PR\u00c1CTICA, URBANISTA DAR\u00c1 POR TERMINADA DE <\/strong><strong>INMEDIATO LA RELACI\u00d3N COMERCIAL SIN RESPONSABILIDAD ALGUNA, Y NO SE <\/strong><br \/><strong>RECONOCER\u00c1 NI PAGAR\u00c1 COMISI\u00d3N ALGUNA, INDEPENDIENTEMENTE DEL <\/strong><br \/><strong>RESULTADO O ALCANCE DE DICHA PUBLICIDA <\/strong><strong>REGISTRO DE NUEVOS BROKERS<\/strong><\/p><ul><li>El alta de nuevos brokers se formalizar\u00e1 \u00fanicamente tras el cierre del primer <br \/>contrato con Urbanista, conforme al calendario que deber\u00e1 consultarse <br \/>directamente con Urbanista.<\/li><li>Los documentos requeridos para el alta de nuevos proveedores son obligatorios y <br \/>no negociables:<\/li><\/ul><p><strong>PERSONA F\u00cdSICA<\/strong><\/p><ul><li>Formato de Alta de Proveedores, proporcionado por Urbanista.<\/li><li>Identificaci\u00f3n oficial (<strong>INE<\/strong>) vigente.<\/li><li>Car\u00e1tula de estado de cuenta bancario (no mayor a 3 meses).<\/li><li>Constancia de situaci\u00f3n fiscal actualizada.<\/li><li>Comprobante de domicilio reciente.<\/li><li>Aviso de Privacidad, firmado electr\u00f3nicamente a trav\u00e9s de DocuSign, seg\u00fan lo proporcionado por Urbanista.<\/li><\/ul><p><strong>PERSONA MORAL<\/strong><\/p><ul><li>Formato de Alta de Proveedores, proporcionado por Urbanista.<\/li><li>Acta Constitutiva debidamente registrada.<\/li><li>Identificaci\u00f3n oficial (<strong>INE<\/strong>) del representante legal.<\/li><li>Documento que acredite los poderes del representante legal.<\/li><li>Car\u00e1tula de estado de cuenta bancario (no mayor a 3 meses).<\/li><li>Constancia de situaci\u00f3n fiscal actualizada.<\/li><li>Comprobante de domicilio reciente.<\/li><li>Aviso de Privacidad, firmado electr\u00f3nicamente a trav\u00e9s de DocuSign, seg\u00fan lo proporcionado por Urbanista.<\/li><\/ul><p><strong>REGLAS PARA CASOS ESPEC\u00cdFICOS<\/strong><\/p><ul><li>En caso de que un cliente contacte a diferentes brokers para distintos edificios, se <br \/>respetar\u00e1n las citas confirmadas de cada broker seg\u00fan corresponda.<\/li><li>Si un cliente agenda un tour en un edificio sin intenci\u00f3n de alquiler y solicita una <br \/>nueva cita en el mismo edificio, esta ser\u00e1 considerada como una nueva solicitud.<\/li><li>En caso de que dos o m\u00e1s brokers soliciten un tour para el mismo cliente en el <br \/>mismo edificio, se respetar\u00e1 exclusivamente la primera cita confirmada.<\/li><li>Todos los registros de clientes deber\u00e1n contar con una cita confirmada<\/li><li>Registros sin confirmaci\u00f3n no ser\u00e1n considerados v\u00e1lidos.<\/li><li>Los registros con informaci\u00f3n incorrecta (nombre, tel\u00e9fono o correo) ser\u00e1n descartados autom\u00e1ticamente.<\/li><li>Si dos brokers registran citas para el mismo cliente con informaci\u00f3n diferente, se priorizar\u00e1 el registro con informaci\u00f3n real del cliente.<\/li><li>Solo se aceptar\u00e1n registros realizados a trav\u00e9s de la landing page oficial de Urbanista.\u00a0<\/li><li>Si un br\u00f3ker reclama una comisi\u00f3n que no le corresponde, autom\u00e1ticamente se cancelara la relaci\u00f3n comercial.<\/li><li>Si un broker genera una cita para un cliente en un edificio especifico y este no se decide por rentar, y posteriormente el cliente se registra de manera directa en nuestra landing page en otro edificio, este contrato no se contar\u00e1 para pago de comisi\u00f3n del br\u00f3ker.<\/li><\/ul><p><strong>PLAN DE COMISIONES<\/strong><\/p><ul><li>Las comisiones se pagar\u00e1n exclusivamente por cierres de contrato, de forma <br \/>mensual, conforme al calendario establecido por Urbanista.<\/li><li>Las comisiones se asignar\u00e1n \u00fanicamente a los agentes individuales responsables <br \/>del cierre, no a inmobiliarias.<\/li><li>A partir del mes de Agosto de 2025, Urbanista pagara el 50% de la renta base como comisi\u00f3n.<\/li><\/ul><p><strong>TERMINACI\u00d3N<\/strong><\/p><ul><li>Urbanista podr\u00e1 dar por terminada la relaci\u00f3n comercial en cualquier momento, <br \/>mediante aviso por cualquier medio. En tal caso, el broker \u00fanicamente tendr\u00e1 derecho a cobrar la comisi\u00f3n que, de conformidad con los t\u00e9rminos aqu\u00ed previstos, <br \/>resulte v\u00e1lida y exigible.<\/li><\/ul>\t\t\t\t\t\t\t\t<\/div>\n\t\t\t\t\t<\/div>\n\t\t\t\t<\/div>\n\t\t\t\t<\/div>","protected":false},"excerpt":{"rendered":"<p>T\u00e9rminos y Condiciones PROCESO DE REGISTRO Y PROGRAMACI\u00d3N DE CITAS Las solicitudes de citas deber\u00e1n realizarse exclusivamente a trav\u00e9s de la p\u00e1gina oficial: https:\/\/urbanista.mx\/brokers\/. No se aceptar\u00e1n solicitudes por otros medios. La confirmaci\u00f3n, modificaci\u00f3n o cancelaci\u00f3n de citas se gestionar\u00e1 \u00fanicamente mediante el n\u00famero donde te gestionaron tu cita. Cualquier comunicaci\u00f3n fuera de este canal [&hellip;]<\/p>\n","protected":false},"author":3,"featured_media":0,"parent":0,"menu_order":0,"comment_status":"closed","ping_status":"closed","template":"elementor_header_footer","meta":{"footnotes":""},"class_list":["post-12292","page","type-page","status-publish","hentry"],"_links":{"self":[{"href":"https:\/\/urbanista.mx\/en\/wp-json\/wp\/v2\/pages\/12292","targetHints":{"allow":["GET"]}}],"collection":[{"href":"https:\/\/urbanista.mx\/en\/wp-json\/wp\/v2\/pages"}],"about":[{"href":"https:\/\/urbanista.mx\/en\/wp-json\/wp\/v2\/types\/page"}],"author":[{"embeddable":true,"href":"https:\/\/urbanista.mx\/en\/wp-json\/wp\/v2\/users\/3"}],"replies":[{"embeddable":true,"href":"https:\/\/urbanista.mx\/en\/wp-json\/wp\/v2\/comments?post=12292"}],"version-history":[{"count":0,"href":"https:\/\/urbanista.mx\/en\/wp-json\/wp\/v2\/pages\/12292\/revisions"}],"wp:attachment":[{"href":"https:\/\/urbanista.mx\/en\/wp-json\/wp\/v2\/media?parent=12292"}],"curies":[{"name":"wp","href":"https:\/\/api.w.org\/{rel}","templated":true}]}}