{"id":14032,"date":"2025-04-24T20:06:06","date_gmt":"2025-04-25T02:06:06","guid":{"rendered":"https:\/\/urbanista.mx\/?page_id=14032"},"modified":"2025-10-13T16:32:22","modified_gmt":"2025-10-13T22:32:22","slug":"referidos","status":"publish","type":"page","link":"https:\/\/urbanista.mx\/en\/referidos\/","title":{"rendered":"Refiere y Gana"},"content":{"rendered":"<div data-elementor-type=\"wp-page\" data-elementor-id=\"14032\" class=\"elementor elementor-14032\" data-elementor-post-type=\"page\">\n\t\t\t\t<div class=\"elementor-element elementor-element-423e076 e-flex e-con-boxed e-con e-parent\" data-id=\"423e076\" data-element_type=\"container\" data-e-type=\"container\">\n\t\t\t\t\t<div class=\"e-con-inner\">\n\t\t<div class=\"elementor-element elementor-element-a3f2156 e-con-full e-flex e-con e-child\" data-id=\"a3f2156\" data-element_type=\"container\" data-e-type=\"container\">\n\t\t\t\t<div class=\"elementor-element elementor-element-bbb191c elementor-widget__width-initial elementor-widget elementor-widget-image\" data-id=\"bbb191c\" data-element_type=\"widget\" data-e-type=\"widget\" data-widget_type=\"image.default\">\n\t\t\t\t\t\t\t\t\t\t\t\t\t\t\t<img fetchpriority=\"high\" decoding=\"async\" width=\"800\" height=\"368\" src=\"https:\/\/urbanista.mx\/wp-content\/uploads\/2024\/06\/Logo-Negro-Urbanista-1024x471.png\" class=\"attachment-large size-large wp-image-6102\" alt=\"\" srcset=\"https:\/\/urbanista.mx\/wp-content\/uploads\/2024\/06\/Logo-Negro-Urbanista-1024x471.png 1024w, https:\/\/urbanista.mx\/wp-content\/uploads\/2024\/06\/Logo-Negro-Urbanista-300x138.png 300w, https:\/\/urbanista.mx\/wp-content\/uploads\/2024\/06\/Logo-Negro-Urbanista-768x353.png 768w, https:\/\/urbanista.mx\/wp-content\/uploads\/2024\/06\/elementor\/thumbs\/Logo-Negro-Urbanista-r3pizou6ybfovlpddvbb235pbrc11pryyayg68c1k8.png 220w, https:\/\/urbanista.mx\/wp-content\/uploads\/2024\/06\/Logo-Negro-Urbanista.png 1144w\" sizes=\"(max-width: 800px) 100vw, 800px\" \/>\t\t\t\t\t\t\t\t\t\t\t\t\t\t\t<\/div>\n\t\t\t\t<div class=\"elementor-element elementor-element-6d799f8 elementor-widget elementor-widget-image\" data-id=\"6d799f8\" data-element_type=\"widget\" data-e-type=\"widget\" data-widget_type=\"image.default\">\n\t\t\t\t\t\t\t\t\t\t\t\t\t\t\t<img decoding=\"async\" width=\"800\" height=\"785\" src=\"https:\/\/urbanista.mx\/wp-content\/uploads\/2025\/04\/1694544540939-gana.png\" class=\"attachment-large size-large wp-image-14034\" alt=\"\" srcset=\"https:\/\/urbanista.mx\/wp-content\/uploads\/2025\/04\/1694544540939-gana.png 1013w, https:\/\/urbanista.mx\/wp-content\/uploads\/2025\/04\/1694544540939-gana-300x294.png 300w, https:\/\/urbanista.mx\/wp-content\/uploads\/2025\/04\/1694544540939-gana-768x754.png 768w, https:\/\/urbanista.mx\/wp-content\/uploads\/2025\/04\/1694544540939-gana-12x12.png 12w\" sizes=\"(max-width: 800px) 100vw, 800px\" \/>\t\t\t\t\t\t\t\t\t\t\t\t\t\t\t<\/div>\n\t\t\t\t<\/div>\n\t\t<div class=\"elementor-element elementor-element-cf50365 e-con-full e-flex e-con e-child\" data-id=\"cf50365\" data-element_type=\"container\" data-e-type=\"container\">\n\t\t\t\t<div class=\"elementor-element elementor-element-d5bac94 elementor-widget elementor-widget-html\" data-id=\"d5bac94\" data-element_type=\"widget\" data-e-type=\"widget\" data-widget_type=\"html.default\">\n\t\t\t\t\t<script src=\"https:\/\/js.hsforms.net\/forms\/embed\/47830887.js\" defer><\/script>\r\n<div class=\"hs-form-frame\" data-region=\"na1\" data-form-id=\"ff13bd51-9d00-4a3d-9250-da80cfd6ff05\" data-portal-id=\"47830887\"><\/div>\t\t\t\t<\/div>\n\t\t\t\t<\/div>\n\t\t\t\t\t<\/div>\n\t\t\t\t<\/div>\n\t\t<div class=\"elementor-element elementor-element-960f99d e-flex e-con-boxed e-con e-parent\" data-id=\"960f99d\" data-element_type=\"container\" data-e-type=\"container\">\n\t\t\t\t\t<div class=\"e-con-inner\">\n\t\t\t\t<div class=\"elementor-element elementor-element-4bc447e elementor-widget__width-initial elementor-widget elementor-widget-heading\" data-id=\"4bc447e\" data-element_type=\"widget\" data-e-type=\"widget\" data-widget_type=\"heading.default\">\n\t\t\t\t\t<h2 class=\"elementor-heading-title elementor-size-default\"> \u00bfC\u00f3mo funciona? <\/h2>\t\t\t\t<\/div>\n\t\t\t\t<div class=\"elementor-element elementor-element-ded853b elementor-widget elementor-widget-text-editor\" data-id=\"ded853b\" data-element_type=\"widget\" data-e-type=\"widget\" data-widget_type=\"text-editor.default\">\n\t\t\t\t\t\t\t\t\t<ul><li><b>No hay l\u00edmite<\/b> en la cantidad de referidos que puedes hacer.<\/li><li>Este beneficio aplica exclusivamente para <b>nuevos inquilinos<\/b> que nunca han estado en Urbanista.<\/li><li>Si eres un inquilino actual que se muda dentro de Urbanista, no se te considerar\u00e1 como referido.<\/li><li>Beneficio aplicado sobre renta base.<\/li><\/ul>\t\t\t\t\t\t\t\t<\/div>\n\t\t\t\t<div class=\"elementor-element elementor-element-531653e elementor-widget__width-initial elementor-widget elementor-widget-heading\" data-id=\"531653e\" data-element_type=\"widget\" data-e-type=\"widget\" data-widget_type=\"heading.default\">\n\t\t\t\t\t<h2 class=\"elementor-heading-title elementor-size-default\"> \u00bfCu\u00e1ndo recibir\u00e1s tu bonificaci\u00f3n?  <\/h2>\t\t\t\t<\/div>\n\t\t\t\t<div class=\"elementor-element elementor-element-85a67ad elementor-widget elementor-widget-text-editor\" data-id=\"85a67ad\" data-element_type=\"widget\" data-e-type=\"widget\" data-widget_type=\"text-editor.default\">\n\t\t\t\t\t\t\t\t\t<ul><li><p>Se te bonificar\u00e1 con <strong>1 MES DE RENTA<\/strong>\u00a0correspondiente al valor del departamento de menor costo (renta base \u00fanicamente), aplicable al t\u00e9rmino de tu contrato como\u00a0<strong>mes 13<\/strong>.<\/p><\/li><li><p>La bonificaci\u00f3n se aplicar\u00e1 \u00fanicamente si los referidos cumplen estrictamente con <em>todas las condiciones requeridas por Urbanista<\/em>, incluyendo el pago del dep\u00f3sito de seguridad y del mes de renta a la firma de su contrato.<\/p><\/li><\/ul>\t\t\t\t\t\t\t\t<\/div>\n\t\t\t\t\t<\/div>\n\t\t\t\t<\/div>\n\t\t<div class=\"elementor-element elementor-element-a6f55ea e-flex e-con-boxed e-con e-parent\" data-id=\"a6f55ea\" data-element_type=\"container\" data-e-type=\"container\">\n\t\t\t\t\t<div class=\"e-con-inner\">\n\t\t\t\t<div class=\"elementor-element elementor-element-079a3d9 elementor-widget__width-initial elementor-widget elementor-widget-heading\" data-id=\"079a3d9\" data-element_type=\"widget\" data-e-type=\"widget\" data-widget_type=\"heading.default\">\n\t\t\t\t\t<h2 class=\"elementor-heading-title elementor-size-default\">  *T\u00e9rminos y Condiciones:*   <\/h2>\t\t\t\t<\/div>\n\t\t\t\t<div class=\"elementor-element elementor-element-c4eb92d elementor-widget elementor-widget-text-editor\" data-id=\"c4eb92d\" data-element_type=\"widget\" data-e-type=\"widget\" data-widget_type=\"text-editor.default\">\n\t\t\t\t\t\t\t\t\t<ul><li><p>La bonificaci\u00f3n equivalente a <strong>1 mes de renta base<\/strong> no puede ser intercambiada ni canjeada por su equivalente en moneda nacional, ni tomarse en cuenta para un adeudo existente.<\/p><\/li><li><p>Aplica exclusivamente para contratos referidos a\u00a0<strong>12 meses.<\/strong><\/p><\/li><li><p>Podr\u00e1s referir inquilinos en tu mismo edificio o en otros edificios de <strong>Urbanista \u00fanicamente.<\/strong><\/p><\/li><\/ul>\t\t\t\t\t\t\t\t<\/div>\n\t\t\t\t\t<\/div>\n\t\t\t\t<\/div>\n\t\t\t\t<\/div>","protected":false},"excerpt":{"rendered":"<p>\u00bfC\u00f3mo funciona? No hay l\u00edmite en la cantidad de referidos que puedes hacer. Este beneficio aplica exclusivamente para nuevos inquilinos que nunca han estado en Urbanista. Si eres un inquilino actual que se muda dentro de Urbanista, no se te considerar\u00e1 como referido. Beneficio aplicado sobre renta base. \u00bfCu\u00e1ndo recibir\u00e1s tu bonificaci\u00f3n? Se te bonificar\u00e1 [&hellip;]<\/p>\n","protected":false},"author":3,"featured_media":0,"parent":0,"menu_order":0,"comment_status":"closed","ping_status":"closed","template":"elementor_canvas","meta":{"footnotes":""},"class_list":["post-14032","page","type-page","status-publish","hentry"],"_links":{"self":[{"href":"https:\/\/urbanista.mx\/en\/wp-json\/wp\/v2\/pages\/14032","targetHints":{"allow":["GET"]}}],"collection":[{"href":"https:\/\/urbanista.mx\/en\/wp-json\/wp\/v2\/pages"}],"about":[{"href":"https:\/\/urbanista.mx\/en\/wp-json\/wp\/v2\/types\/page"}],"author":[{"embeddable":true,"href":"https:\/\/urbanista.mx\/en\/wp-json\/wp\/v2\/users\/3"}],"replies":[{"embeddable":true,"href":"https:\/\/urbanista.mx\/en\/wp-json\/wp\/v2\/comments?post=14032"}],"version-history":[{"count":0,"href":"https:\/\/urbanista.mx\/en\/wp-json\/wp\/v2\/pages\/14032\/revisions"}],"wp:attachment":[{"href":"https:\/\/urbanista.mx\/en\/wp-json\/wp\/v2\/media?parent=14032"}],"curies":[{"name":"wp","href":"https:\/\/api.w.org\/{rel}","templated":true}]}}