{"id":16564,"date":"2025-11-07T15:58:06","date_gmt":"2025-11-07T21:58:06","guid":{"rendered":"https:\/\/urbanista.mx\/?page_id=16564"},"modified":"2025-11-07T15:59:17","modified_gmt":"2025-11-07T21:59:17","slug":"infografia-rh-cs1","status":"publish","type":"page","link":"https:\/\/urbanista.mx\/en\/infografia-rh-cs1\/","title":{"rendered":"Infograf\u00eda RH CS1"},"content":{"rendered":"<div data-elementor-type=\"wp-page\" data-elementor-id=\"16564\" class=\"elementor elementor-16564\" data-elementor-post-type=\"page\">\n\t\t\t\t<div class=\"elementor-element elementor-element-5c9a254 e-flex e-con-boxed e-con e-parent\" data-id=\"5c9a254\" data-element_type=\"container\" data-e-type=\"container\">\n\t\t\t\t\t<div class=\"e-con-inner\">\n\t\t\t\t<div class=\"elementor-element elementor-element-c0a1a14 elementor-invisible elementor-widget elementor-widget-heading\" data-id=\"c0a1a14\" data-element_type=\"widget\" data-e-type=\"widget\" data-settings=\"{&quot;_animation&quot;:&quot;slideInUp&quot;}\" data-widget_type=\"heading.default\">\n\t\t\t\t\t<h2 class=\"elementor-heading-title elementor-size-default\">Gracias por tu inter\u00e9s<\/h2>\t\t\t\t<\/div>\n\t\t\t\t<div class=\"elementor-element elementor-element-2ec55bd elementor-widget elementor-widget-text-editor\" data-id=\"2ec55bd\" data-element_type=\"widget\" data-e-type=\"widget\" data-widget_type=\"text-editor.default\">\n\t\t\t\t\t\t\t\t\t<p>Hemos enviado a tu correo electr\u00f3nico tu Matriz Comparativa: C\u00f3mo evaluar proveedores de alojamiento corporativo<\/p>\t\t\t\t\t\t\t\t<\/div>\n\t\t\t\t\t<\/div>\n\t\t\t\t<\/div>\n\t\t\t\t<\/div>","protected":false},"excerpt":{"rendered":"<p>Gracias por tu inter\u00e9s Hemos enviado a tu correo electr\u00f3nico tu Matriz Comparativa: C\u00f3mo evaluar proveedores de alojamiento corporativo<\/p>","protected":false},"author":3,"featured_media":0,"parent":0,"menu_order":0,"comment_status":"closed","ping_status":"closed","template":"elementor_header_footer","meta":{"footnotes":""},"class_list":["post-16564","page","type-page","status-publish","hentry"],"_links":{"self":[{"href":"https:\/\/urbanista.mx\/en\/wp-json\/wp\/v2\/pages\/16564","targetHints":{"allow":["GET"]}}],"collection":[{"href":"https:\/\/urbanista.mx\/en\/wp-json\/wp\/v2\/pages"}],"about":[{"href":"https:\/\/urbanista.mx\/en\/wp-json\/wp\/v2\/types\/page"}],"author":[{"embeddable":true,"href":"https:\/\/urbanista.mx\/en\/wp-json\/wp\/v2\/users\/3"}],"replies":[{"embeddable":true,"href":"https:\/\/urbanista.mx\/en\/wp-json\/wp\/v2\/comments?post=16564"}],"version-history":[{"count":0,"href":"https:\/\/urbanista.mx\/en\/wp-json\/wp\/v2\/pages\/16564\/revisions"}],"wp:attachment":[{"href":"https:\/\/urbanista.mx\/en\/wp-json\/wp\/v2\/media?parent=16564"}],"curies":[{"name":"wp","href":"https:\/\/api.w.org\/{rel}","templated":true}]}}