{"id":3002,"date":"2024-08-01T15:50:45","date_gmt":"2024-08-01T15:50:45","guid":{"rendered":"https:\/\/urbanista.mx\/?page_id=3002"},"modified":"2026-02-04T17:24:44","modified_gmt":"2026-02-04T23:24:44","slug":"terminos-y-condiciones","status":"publish","type":"page","link":"https:\/\/urbanista.mx\/en\/terminos-y-condiciones\/","title":{"rendered":"T\u00e9rminos y condiciones \u2013 Urbanista"},"content":{"rendered":"<div data-elementor-type=\"wp-page\" data-elementor-id=\"3002\" class=\"elementor elementor-3002\" data-elementor-post-type=\"page\">\n\t\t\t\t<div class=\"elementor-element elementor-element-123823c e-flex e-con-boxed e-con e-parent\" data-id=\"123823c\" data-element_type=\"container\" data-e-type=\"container\">\n\t\t\t\t\t<div class=\"e-con-inner\">\n\t\t\t\t<div class=\"elementor-element elementor-element-02f119a elementor-widget elementor-widget-heading\" data-id=\"02f119a\" data-element_type=\"widget\" data-e-type=\"widget\" data-widget_type=\"heading.default\">\n\t\t\t\t\t<h2 class=\"elementor-heading-title elementor-size-default\">Terms and Conditions<\/h2>\t\t\t\t<\/div>\n\t\t\t\t\t<\/div>\n\t\t\t\t<\/div>\n\t\t<div class=\"elementor-element elementor-element-c7bc4a7 e-flex e-con-boxed e-con e-parent\" data-id=\"c7bc4a7\" data-element_type=\"container\" data-e-type=\"container\">\n\t\t\t\t\t<div class=\"e-con-inner\">\n\t\t\t\t<div class=\"elementor-element elementor-element-a7604de elementor-widget__width-initial elementor-widget elementor-widget-text-editor\" data-id=\"a7604de\" data-element_type=\"widget\" data-e-type=\"widget\" data-widget_type=\"text-editor.default\">\n\t\t\t\t\t\t\t\t\t<p><b>1. Object<\/b><\/p><p>This document establishes the Terms and Conditions governing access to and use of the Urbanista website (hereinafter, \"the Site\"). The Site's purpose is to provide users with information about rental housing units managed by Urbanista and its affiliates, facilitate the submission of rental applications, and offer other services related to property rentals in Mexico City.<\/p><p><b>2. Descripci\u00f3n del Alcance<\/b><\/p><p>Estos T\u00e9rminos y Condiciones aplican a todos los usuarios del Sitio, incluyendo pero no limit\u00e1ndose a visitantes, clientes potenciales y arrendatarios. El alcance de estos T\u00e9rminos incluye:<\/p><p>\u2022Acceso y Uso del Sitio: Regulaci\u00f3n del acceso al Sitio y la utilizaci\u00f3n de sus recursos, incluyendo la navegaci\u00f3n, consulta de informaci\u00f3n, y la presentaci\u00f3n de solicitudes de arrendamiento.<\/p><p>\u2022Informaci\u00f3n y Contenidos: Provisi\u00f3n de informaci\u00f3n detallada sobre las propiedades en renta, incluyendo precios, caracter\u00edsticas, y disponibilidad. Urbanista se reserva el derecho de actualizar y modificar dicha informaci\u00f3n sin previo aviso.<\/p><p>\u2022Solicitudes de Arrendamiento: Proceso para la presentaci\u00f3n de solicitudes de arrendamiento, incluyendo la recopilaci\u00f3n y evaluaci\u00f3n de la documentaci\u00f3n requerida, y la posibilidad de rechazo de solicitudes sin necesidad de justificaci\u00f3n.<\/p><p>\u2022Precios y Disponibilidad: Pol\u00edticas relacionadas con los precios exhibidos en el Sitio, que est\u00e1n sujetos a cambios en cualquier momento, as\u00ed como la disponibilidad de las unidades arrendadas, la cual no est\u00e1 garantizada hasta la firma del contrato.<\/p><p>\u2022Protecci\u00f3n de Datos: Uso y manejo de los datos personales de los usuarios, conforme a la Pol\u00edtica de Privacidadde Urbanista, que regula c\u00f3mo se recopilan, utilizan y protegen los datos personales.<\/p><p>\u2022 Responsabilidad y Limitaciones: Exoneraci\u00f3n de responsabilidad de Urbanista respecto a cualquier da\u00f1o o p\u00e9rdida derivado del uso del Sitio, y limitaci\u00f3n de la disponibilidad continua e ininterrumpida del mismo.<\/p><p><strong>3. T\u00e9rminos y Definiciones<\/strong><\/p><p>\u2022Urbanista: Se refiere a la sociedad mercantil Urbanhub M\u00e9xico, S. de R.L. de C.V., responsable de la gesti\u00f3n y administraci\u00f3n de los servicios y pol\u00edticas descritos en estos T\u00e9rminos y Condiciones.<\/p><p>\u2022Afiliadas: Incluye todas las sociedades mercantiles que forman parte de la red de Urbanista y que est\u00e1n sujetas a las disposiciones de estos T\u00e9rminos y Condiciones, tales como:<\/p><p>o Urbanhub M\u00e9xico SPV1, S. de R.L. de C.V.<\/p><p>o Urbanhub M\u00e9xico SPV2, S. de R.L. de C.V.<\/p><p>o Urbanhub M\u00e9xico SPV3, S. de R.L. de C.V.<\/p><p>o Urbanhub SPV4, S. de R.L. de C.V.<\/p><p>o Urbanhub SPV5, S. de R.L. de C.V.<\/p><p>o Urbanhub M\u00e9xico SPV6, S. de R.L. de C.V.<\/p><p>o Urbanhub M\u00e9xico SPV7, S. de R.L. de C.V.<\/p><p>o Urbanhub M\u00e9xico SPV8, S. de R.L. de C.V.<\/p><p>o Urbanhub M\u00e9xico SPV9, S. de R.L. de C.V.<\/p><p>o Urbanhub M\u00e9xico SPV10, S. de R.L. de C.V.<\/p><p>o Urbanhub Real Estate, S. de R.L. de C.V.<\/p><p>o Urbanhub M\u00e9xico Properties, S. de R.L. de C.V.<\/p><p>o Edificio Indianilla, S.A.P.I. de C.V.<\/p><p>\u00a0<\/p><p><b>4. Aceptaci\u00f3n de los T\u00e9rminos<\/b><\/p><p>Al acceder y utilizar el Sitio, usted acepta cumplir con estos T\u00e9rminos y Condiciones y con nuestra Pol\u00edtica de Privacidad. Si no est\u00e1 de acuerdo con estos T\u00e9rminos, le solicitamos que no utilice el Sitio. El uso continuado del Sitio despu\u00e9s de la publicaci\u00f3n de cualquier modificaci\u00f3n a los T\u00e9rminos constituir\u00e1 su aceptaci\u00f3n de dichos cambios.<\/p><p><b>5. Uso de Datos<\/b><\/p><p>El uso de sus datos personales est\u00e1 regulado por nuestra Pol\u00edtica de Privacidad. Al utilizar el Sitio, usted acepta el procesamiento y almacenamiento de sus datos conforme a dicha pol\u00edtica. Urbanista se compromete a proteger su informaci\u00f3n de acuerdo con las leyes aplicables.<\/p><p><b>6. Precios, Promociones y Disponibilidad<\/b><\/p><p>\u2022 Precios: Los precios exhibidos en el Sitio est\u00e1n sujetos a cambios en cualquier momento sin previo aviso. Cualquier precio mostrado tiene una duraci\u00f3n de 24 horas, despu\u00e9s de la cual puede ser modificado. Urbanista no garantiza la exactitud de los precios en el momento de la consulta y no se hace responsable por errores o inexactitudes en los precios publicados.<\/p><p>\u2022 Promociones: Urbanista y sus Afiliadas podr\u00e1n, a su entera discreci\u00f3n, ofrecer promociones, descuentos, u ofertas especiales (en adelante, &#8220;Promociones&#8221;) a trav\u00e9s del sitio web o por otros medios. Las Promociones ser\u00e1n siempre renta base y no incluyen ning\u00fan otro concepto.<\/p><p>\u2022 Disponibilidad: La disponibilidad de las unidades arrendadas est\u00e1 sujeta a cambios y no est\u00e1 garantizada hasta la firma del contrato de arrendamiento. La inclusi\u00f3n de una unidad en el Sitio no implica que est\u00e9 disponible al momento de la solicitud.<\/p><p><b>7. Solicitudes de Arrendamiento<\/b><\/p><p>\u2022 La presentaci\u00f3n de una solicitud de arrendamiento a trav\u00e9s del Sitio no garantiza la autorizaci\u00f3n para la firma de un contrato de arrendamiento.<\/p><p>\u2022La aprobaci\u00f3n para el arrendamiento est\u00e1 sujeta a la entrega completa y verificaci\u00f3n de la documentaci\u00f3n requerida, as\u00ed como al cumplimiento de los criterios de evaluaci\u00f3n establecidos por Urbanista.<\/p><p>\u2022 Urbanista se reserva el derecho de rechazar cualquier solicitud de arrendamiento sin necesidad de proporcionar una justificaci\u00f3n.<\/p><p><b>8. Propiedad Intelectual<\/b><\/p><p>Todo el contenido del Sitio, incluyendo textos, gr\u00e1ficos, logotipos, im\u00e1genes, y software, es propiedad de Urbanista o de terceros que han otorgado licencias a Urbanista y Afiliadas. El uso no autorizado de cualquier contenido del Sitio puede constituir una violaci\u00f3n de derechos de propiedad intelectual y est\u00e1 prohibido. Urbanista es una marca registrada. No podr\u00e1 ser utilizada, reproducida, o explotada por ninguna persona sin la autorizaci\u00f3n previa y por escrito de Urbanista<\/p><p><b>9. Responsabilidad<\/b><\/p><p>\u2022Urbanista y Afiliadas no ser\u00e1 responsable por ning\u00fan da\u00f1o directo, indirecto, incidental, especial o consecuente que surja del uso o la imposibilidad de uso del Sitio, incluyendo, pero no limitado a, da\u00f1os por p\u00e9rdida de beneficios, datos o cualquier otra p\u00e9rdida intangible.<\/p><p>\u2022 Urbanista y Afiliadas no garantiza la disponibilidad continua y sin interrupciones del Sitio. El Sitio puede ser interrumpido por mantenimiento, actualizaciones o razones fuera del control de Urbanista.<\/p><p><b>10. Enlaces a Terceros<\/b><\/p><p>El sitio web de Urbanista puede contener enlaces a sitios web o servicios proporcionados por terceros. El uso de dichos sitios o servicios se regir\u00e1 bajo los t\u00e9rminos y condiciones de los terceros correspondientes, deslindando a Urbanista y sus Afiliadas de cualquier responsabilidad derivada de su uso.<\/p><p><b>11. Modificaciones a los T\u00e9rminos<\/b><\/p><p>Urbanista se reserva el derecho de modificar estos T\u00e9rminos en cualquier momento sin previo aviso. Las modificaciones entrar\u00e1n en vigor desde el momento de su publicaci\u00f3n en el Sitio. Es su responsabilidad revisar peri\u00f3dicamente los T\u00e9rminos para estar informado sobre cualquier cambio.<\/p><p><b>12. Terminaci\u00f3n<\/b><\/p><p>Urbanista se reserva el derecho de suspender o terminar su acceso al Sitio en cualquier momento, sin previo aviso.<\/p><p><b>13. Jurisdicci\u00f3n y Ley Aplicable<\/b><\/p><p>Estos T\u00e9rminos se regir\u00e1n e interpretar\u00e1n de acuerdo con las leyes de la Ciudad de M\u00e9xico. Cualquier controversia que surja en relaci\u00f3n con el uso del Sitio ser\u00e1 sometida a los tribunales competentes de la Ciudad de M\u00e9xico.<\/p><p><b>14. Contacto y Domicilio para Notificaciones<\/b><\/p><p>Para cualquier consulta o inquietud relacionada con estos T\u00e9rminos, por favor cont\u00e1ctenos a trav\u00e9s del correo electr\u00f3nico de contacto legal@urbanhub.com.mx. El domicilio para recibir notificaciones es: Blvd. Manuel \u00c1vila Camacho 126, Int. 7, Col. Lomas de Chapultepec, Miguel Hidalgo, 11000, Ciudad de M\u00e9xico.<\/p><div>\u00a0<\/div>\t\t\t\t\t\t\t\t<\/div>\n\t\t\t\t\t<\/div>\n\t\t\t\t<\/div>\n\t\t\t\t<\/div>","protected":false},"excerpt":{"rendered":"<p>T\u00e9rminos y Condiciones 1. Objeto El presente documento establece los T\u00e9rminos y Condiciones bajo los cuales se regula el acceso y uso del sitio web de Urbanista (en adelante, &#8220;el Sitio&#8221;). El Sitio tiene como objetivo proporcionar a los usuarios informaci\u00f3n sobre las unidades de vivienda en renta administradas por Urbanista y sus afiliadas, facilitar [&hellip;]<\/p>\n","protected":false},"author":3,"featured_media":15347,"parent":0,"menu_order":0,"comment_status":"closed","ping_status":"closed","template":"elementor_header_footer","meta":{"footnotes":""},"class_list":["post-3002","page","type-page","status-publish","has-post-thumbnail","hentry"],"_links":{"self":[{"href":"https:\/\/urbanista.mx\/en\/wp-json\/wp\/v2\/pages\/3002","targetHints":{"allow":["GET"]}}],"collection":[{"href":"https:\/\/urbanista.mx\/en\/wp-json\/wp\/v2\/pages"}],"about":[{"href":"https:\/\/urbanista.mx\/en\/wp-json\/wp\/v2\/types\/page"}],"author":[{"embeddable":true,"href":"https:\/\/urbanista.mx\/en\/wp-json\/wp\/v2\/users\/3"}],"replies":[{"embeddable":true,"href":"https:\/\/urbanista.mx\/en\/wp-json\/wp\/v2\/comments?post=3002"}],"version-history":[{"count":0,"href":"https:\/\/urbanista.mx\/en\/wp-json\/wp\/v2\/pages\/3002\/revisions"}],"wp:featuredmedia":[{"embeddable":true,"href":"https:\/\/urbanista.mx\/en\/wp-json\/wp\/v2\/media\/15347"}],"wp:attachment":[{"href":"https:\/\/urbanista.mx\/en\/wp-json\/wp\/v2\/media?parent=3002"}],"curies":[{"name":"wp","href":"https:\/\/api.w.org\/{rel}","templated":true}]}}