{"id":3014,"date":"2024-08-01T16:26:17","date_gmt":"2024-08-01T16:26:17","guid":{"rendered":"https:\/\/urbanista.mx\/?page_id=3014"},"modified":"2025-10-01T19:35:47","modified_gmt":"2025-10-02T01:35:47","slug":"aviso-de-privacidad","status":"publish","type":"page","link":"https:\/\/urbanista.mx\/en\/aviso-de-privacidad\/","title":{"rendered":"Privacy notice"},"content":{"rendered":"<div data-elementor-type=\"wp-page\" data-elementor-id=\"3014\" class=\"elementor elementor-3014\" data-elementor-post-type=\"page\">\n\t\t\t\t<div class=\"elementor-element elementor-element-123823c e-flex e-con-boxed e-con e-parent\" data-id=\"123823c\" data-element_type=\"container\" data-e-type=\"container\">\n\t\t\t\t\t<div class=\"e-con-inner\">\n\t\t\t\t<div class=\"elementor-element elementor-element-02f119a elementor-widget elementor-widget-heading\" data-id=\"02f119a\" data-element_type=\"widget\" data-e-type=\"widget\" data-widget_type=\"heading.default\">\n\t\t\t\t\t<h1 class=\"elementor-heading-title elementor-size-default\">Privacy notice<\/h1>\t\t\t\t<\/div>\n\t\t\t\t\t<\/div>\n\t\t\t\t<\/div>\n\t\t<div class=\"elementor-element elementor-element-c7bc4a7 e-flex e-con-boxed e-con e-parent\" data-id=\"c7bc4a7\" data-element_type=\"container\" data-e-type=\"container\">\n\t\t\t\t\t<div class=\"e-con-inner\">\n\t\t\t\t<div class=\"elementor-element elementor-element-a7604de elementor-widget__width-initial elementor-widget elementor-widget-text-editor\" data-id=\"a7604de\" data-element_type=\"widget\" data-e-type=\"widget\" data-widget_type=\"text-editor.default\">\n\t\t\t\t\t\t\t\t\t<p><strong>Conforme a lo dictado por la Ley Federal de Protecci\u00f3n de Datos Personales en Posesi\u00f3n de Particulares<\/strong> (en lo sucesivo \u201cla Ley\u201d), queremos informarle de lo siguiente:<\/p><h3>I. DEFINICIONES<\/h3><p>En el contexto del presente aviso de privacidad (en lo sucesivo \u201cel Aviso\u201d), se establecen ciertos t\u00e9rminos que tendr\u00e1n un significado espec\u00edfico para garantizar claridad y precisi\u00f3n en su interpretaci\u00f3n. A continuaci\u00f3n, se detallan dichos t\u00e9rminos y sus respectivas definiciones:<\/p><ul><li><strong>Ley:<\/strong> Enti\u00e9ndase por \u201cLey Federal de Protecci\u00f3n de Datos Personales en Posesi\u00f3n de los Particulares\u201d.<\/li><li><strong>Urbanhub:<\/strong> En particular, la sociedad mercantil: Urbanhub M\u00e9xico, S. de R.L. de C.V.<\/li><li><strong>Afiliadas:<\/strong> En su conjunto, las siguientes sociedades mercantiles: Urbanhub M\u00e9xico SPV1, S. de R.L. de C.V.; Urbanhub M\u00e9xico SPV2, S. de R.L. de C.V.; Urbanhub M\u00e9xico SPV3, S. de R.L. de C.V.; Urbanhub SPV4, S. de R.L. de C.V.; Urbanhub SPV5, S. de R.L. de C.V.; Urbanhub M\u00e9xico SPV6, S. de R.L. de C.V.; Urbanhub M\u00e9xico SPV7, S. de R.L. de C.V.; Urbanhub M\u00e9xico SPV8, S. de R.L. de C.V.; Urbanhub M\u00e9xico SPV9, S. de R.L. de C.V.; Urbanhub M\u00e9xico SPV10, S. de R.L. de C.V.; Urbanhub Real Estate, S. de R.L. de C.V.; Urbanhub M\u00e9xico Properties, S. de R.L. de C.V., y Edificio Indianilla, S.A.P.I. de C.V.<\/li><li><strong>Agencias de Informaci\u00f3n Crediticia:<\/strong> Se entiende por las entidades especializadas en recopilar, mantener y proporcionar informaci\u00f3n relevante sobre la actividad crediticia y financiera de los individuos y empresas. Estas agencias desempe\u00f1an un papel fundamental en el sistema financiero al recopilar datos sobre historiales de pago, pr\u00e9stamos, tarjetas de cr\u00e9dito y otros tipos de deudas. Utilizando esta informaci\u00f3n, generan reportes y puntajes crediticios, de manera enunciativa m\u00e1s no limitativa: C\u00edrculo de cr\u00e9dito y Bur\u00f3 de cr\u00e9dito.<\/li><li><strong>Sistemas de Rastreo Judicial:<\/strong> Se entiende por las plataformas especializadas que tienen por objeto realizar una investigaci\u00f3n legal de informaci\u00f3n p\u00fablica, en la que monitorea y recibe cualquier notificaci\u00f3n legal, judicial, o medi\u00e1tica de los titulares, de manera enunciativa, m\u00e1s no limitativa: Apolo Service, B\u00faho Legal, y Capterra.<\/li><li><strong>Sistemas Inform\u00e1ticos:<\/strong> Se entiende por las plataformas de almacenamiento en la nube a los sistemas en l\u00ednea que permiten a los usuarios almacenar, sincronizar y acceder a sus archivos y datos desde cualquier lugar con conexi\u00f3n a Internet, lo que simplifica la colaboraci\u00f3n y la administraci\u00f3n efectiva de la informaci\u00f3n, de manera enunciativa m\u00e1s no limitativa: Egnyte, OneDrive y Google Drive.<\/li><\/ul><h3>II. RESPONSABLE DE LA PROTECCI\u00d3N DE LOS DATOS PERSONALES<\/h3><p>Urbanhub M\u00e9xico, S. de R.L. de C.V. (en lo sucesivo, &#8220;UrbanHub&#8221;) y Afiliadas desean informarle acerca de los derechos y obligaciones establecidos en la Ley, demostrando su compromiso con el respeto a la privacidad de los titulares de los datos y asumiendo la responsabilidad en relaci\u00f3n con el uso y tratamiento de dicha informaci\u00f3n. Adicionalmente, se hace constar que el domicilio de Urbanhub y Afiliadas se ubica en Boulevard Manuel \u00c1vila Camacho No. 126, Piso 7, Colonia Lomas de Chapultepec, Demarcaci\u00f3n Miguel Hidalgo, C.P. 11000, Ciudad de M\u00e9xico.<\/p><h3>III. FINALIDADES PARA LAS QUE SE RECABAN LOS DATOS PERSONALES<\/h3><p>Los datos personales que usted proporcione a UrbanHub y Afiliadas ser\u00e1n tratados exclusivamente para las siguientes finalidades, las cuales son fundamentales para concretar la relaci\u00f3n que entablemos con usted, atendiendo a la relaci\u00f3n con cada titular de los datos (candidatos, empleados, clientes o prospectos de clientes, proveedores, prospectos de proveedores, arrendatarios o prospectos de arrendatarios, y visitantes). UrbanHub y Afiliadas utiliza su informaci\u00f3n personal para una variedad de prop\u00f3sitos relacionados con su relaci\u00f3n comercial o contractual. Esto incluye proporcionar informaci\u00f3n sobre productos y servicios, identificarlo como cliente o proveedor, procesar solicitudes de servicios adicionales, resolver quejas y comentarios, llevar a cabo procesos de facturaci\u00f3n y mantener el contacto cuando sea necesario.<\/p><p>Adem\u00e1s, UrbanHub y Afiliadas utiliza sus datos para gestionar aspectos internos de la relaci\u00f3n comercial, como la revisi\u00f3n de la experiencia laboral y la salud (contrataci\u00f3n de empleados), el seguimiento de pagos y la actualizaci\u00f3n de informaci\u00f3n en su sistema interno. Tambi\u00e9n se utilizan sus datos para el proceso de selecci\u00f3n de arrendatarios de unidades en los diferentes inmuebles propiedad de UrbanHub y Afiliadas (nos reservamos el derecho de otorgar el uso temporal de unidades), la evaluaci\u00f3n de capacidad financiera, el control de visitantes en sus instalaciones, el env\u00edo de comunicaciones relevantes, promociones, boletines y para informar sobre cursos y eventos organizados por UrbanHub y Afiliadas, siempre manteniendo un seguimiento relacionado con estos prop\u00f3sitos.<\/p><h3>IV. DATOS PERSONALES QUE SE RECABAN DEL TITULAR<\/h3><p>Para cumplir con las finalidades establecidas en el presente Aviso, UrbanHub y Afiliadas podr\u00e1n recabar y utilizar los Datos Personales del Titular, incluyendo nombre completo, nacionalidad, fecha de nacimiento, estado civil, domicilio, registro federal de contribuyentes (RFC), clave \u00fanica de registro poblacional (CURP), identificaci\u00f3n oficial, im\u00e1genes captadas en nuestras instalaciones (oficinas o inmuebles, propiedad de Urbanhub) mediante sistemas de videovigilancia, n\u00fameros de tel\u00e9fono m\u00f3vil o fijo (casa u oficina), direcci\u00f3n de correo electr\u00f3nico, historial acad\u00e9mico, referencias laborales, puesto o cargo que desempe\u00f1e en una organizaci\u00f3n, informaci\u00f3n relacionada con procedimientos judiciales obtenida a trav\u00e9s de Sistemas de Rastreo Judicial, los Datos Sensibles, tales como estado de salud, creencias religiosas y afiliaci\u00f3n sindical (contrataci\u00f3n de empleados), los Datos Patrimoniales y Financieros, tales como actividad econ\u00f3mica, capacidad econ\u00f3mica, n\u00famero de cuenta bancaria, estados de cuenta bancarios, recibos de n\u00f3mina, informaci\u00f3n fiscal, historial crediticio a trav\u00e9s de Agencias de Informaci\u00f3n Crediticia, ingresos y egresos, seguros, certificados de solvencia e idoneidad y en caso de personas morales, acta constitutiva, poderes notariales, declaraci\u00f3n anual, estados financieros, asambleas ordinarias y extraordinarias que modifiquen la tenencia accionaria, objeto social, domicilio o denominaci\u00f3n social. La categor\u00eda y naturaleza de los datos personales, sensibles, patrimoniales y financieros depender\u00e1n de la relaci\u00f3n espec\u00edfica que el Titular (candidatos, empleados, clientes o prospectos de clientes, proveedores, prospectos de proveedores, arrendatarios o prospectos de arrendatarios, y visitantes) mantenga con UrbanHub y Afiliadas.<\/p><p>UrbanHub y Afiliadas pueden obtener informaci\u00f3n de manera indirecta a trav\u00e9s de fuentes de acceso p\u00fablico o transferencias permitidas. Si usted interact\u00faa con nosotros a trav\u00e9s de redes sociales, es posible que procesemos la informaci\u00f3n contenida en su perfil p\u00fablico, as\u00ed como el contenido de sus publicaciones en dicha plataforma. Le informamos que UrbanHub y Afiliadas pueden tratar datos personales de terceros que act\u00faen como referencias personales. Al proporcionarnos los datos personales de dichos terceros para que UrbanHub y Afiliadas se comunique con ellos por medios f\u00edsicos o electr\u00f3nicos, usted reconoce haber obtenido el consentimiento necesario conforme a la normativa aplicable en la Ley. UrbanHub y Afiliadas se compromete a no transferir ni compartir los datos personales recabados, salvo cuando sea necesario para cumplir con las finalidades establecidas en este Aviso o en respuesta a requerimientos de autoridades gubernamentales.<\/p><h3>V. RESPECTO AL L\u00cdMITE DE USO O DIVULGACI\u00d3N DE DATOS PERSONALES<\/h3><p>Urbanhub y Afiliadas informan que sus datos personales ser\u00e1n almacenados y tratados mediante Sistemas Inform\u00e1ticos o a trav\u00e9s de Internet, y debido a que las comunicaciones electr\u00f3nicas no son totalmente seguras, y cualquier sistema inform\u00e1tico puede estar expuesto a posibles vulnerabilidades que afecten su seguridad, Urbanhub y Afiliadas no pueden garantizar que no haya da\u00f1os, p\u00e9rdidas, extrav\u00edos, alteraciones o tratamientos no autorizados. Sin embargo, Urbanhub y Afiliadas cumplir\u00e1n con las medidas de seguridad administrativas, f\u00edsicas y t\u00e9cnicas de conformidad con la normativa aplicable en la Ley. Adem\u00e1s, de acuerdo con lo establecido en el art\u00edculo noveno de la Ley, requerimos su consentimiento expreso para el tratamiento de sus datos personales sensibles, por lo que, al firmar, usted est\u00e1 otorgando pleno consentimiento del tratamiento de los mismos.<\/p><p>Cabe mencionar que todos los datos personales que Urbanhub y Afiliadas recopilan son indispensables para mantener la relaci\u00f3n que se mantenga con el titular, ya sea considerado como candidato, empleado, cliente o prospecto de cliente, proveedor, prospecto de proveedor, arrendatario o prospecto de arrendatario, y visitante, por lo que en caso de revocaci\u00f3n del consentimiento o el ejercicio del derecho de cancelaci\u00f3n para el tratamiento de dichos datos, dar\u00e1 lugar a la rescisi\u00f3n del contrato o relaci\u00f3n que se haya celebrado con Urbanhub y Afiliadas, sin responsabilidad para este \u00faltimo.<\/p><h3>VI. MEDIOS PARA EJERCER DERECHOS DE ACCESO, RECTIFICACI\u00d3N, CANCELACI\u00d3N U OPOSICI\u00d3N<\/h3><p>El Titular tiene en todo momento derecho a conocer qu\u00e9 datos personales tenemos de usted, para qu\u00e9 los utilizamos y las condiciones de uso que les damos (Acceso); as\u00ed mismo, es su derecho solicitar la correcci\u00f3n de su informaci\u00f3n personal en caso de que est\u00e9 desactualizada, sea inexacta o incompleta (Rectificaci\u00f3n); de igual manera, tiene derecho a que su informaci\u00f3n se elimine de nuestros registros o bases de datos cuando considere que la misma no est\u00e1 siendo utilizada adecuadamente (Cancelaci\u00f3n); as\u00ed como tambi\u00e9n a oponerse al uso de sus datos personales para fines espec\u00edficos (Oposici\u00f3n). Estos derechos se conocen como derechos ARCO.<\/p><p>De acuerdo con la Ley, los titulares o sus representantes legales, en cualquier momento, podr\u00e1n ejercer los derechos ARCO. Este ejercicio de cualquiera de los derechos ARCO NO excluye la posibilidad de ejercer alguno de los otros, ni puede constituir requisito previo para el ejercicio de cualquiera de estos derechos. Para el ejercicio de cualquiera de los derechos ARCO, se deber\u00e1 presentar la solicitud respectiva a trav\u00e9s del siguiente correo electr\u00f3nico: <a rel=\"noopener\">info@urbanhub.com.mx<\/a> mediante el env\u00edo de un escrito al correo antes mencionado, el cual deber\u00e1 contener:<\/p><ul><li>Nombre del titular y domicilio u otro medio para comunicarle nuestra respuesta.<\/li><li>Identificaci\u00f3n oficial vigente del titular, y en su caso, de su representante.<\/li><li>Descripci\u00f3n clara y precisa de los datos personales de los que busca ejercer sus derechos ARCO.<\/li><li>Cualquier otro elemento o documento que facilite la localizaci\u00f3n de los datos personales.<\/li><\/ul><p>En caso de que la informaci\u00f3n\/documentaci\u00f3n sea err\u00f3nea o insuficiente, Urbanhub y Afiliadas podr\u00e1 requerirle los elementos faltantes para dar tr\u00e1mite a su solicitud, dentro de los 5 (cinco) d\u00edas h\u00e1biles siguientes a la recepci\u00f3n de su solicitud. Usted contar\u00e1 con 10 (diez) d\u00edas h\u00e1biles para atender dicho requerimiento, contados a partir del d\u00eda siguiente que lo haya recibido. En caso de no dar respuesta dentro de dicho plazo, se tendr\u00e1 por no presentada. En caso de que su informaci\u00f3n o documentaci\u00f3n sean correctas y contenga todos los elementos necesarios para dar tr\u00e1mite a su solicitud de derecho ARCO, Urbanhub y Afiliadas le dar\u00e1 una respuesta dentro de los 10 (diez) d\u00edas h\u00e1biles siguientes a la fecha de recepci\u00f3n de su solicitud.<\/p><h3>VII. TRANSFERENCIA DE DATOS PERSONALES<\/h3><p>En UrbanHub nos aseguramos de tomar medidas adecuadas para proteger sus Datos Personales en todo momento. Para ello, en ocasiones podemos transferir su informaci\u00f3n entre nuestras empresas Afiliadas. Adem\u00e1s, en cumplimiento de las leyes y regulaciones aplicables, podemos compartir sus datos personales con autoridades administrativas, judiciales o gubernamentales en caso de requerirse por mandato judicial o administrativo. Asimismo, en caso de subcontratar a terceros para procesar su informaci\u00f3n, estos solo lo har\u00e1n bajo nuestras instrucciones y con medidas adecuadas de protecci\u00f3n de datos. Es importante destacar que sus datos personales solo ser\u00e1n compartidos con terceros, incluyendo prospectos, compradores potenciales, adquirentes o terceros interesados en realizar negocios o establecer una relaci\u00f3n jur\u00eddica con nosotros, siempre y cuando tengamos su consentimiento previo. En todo momento, tomaremos medidas para garantizar la adecuada protecci\u00f3n de sus datos personales y la seguridad de su informaci\u00f3n personal.<\/p><h3>VIII. MODIFICACIONES AL AVISO DE PRIVACIDAD<\/h3><p>El presente Aviso podr\u00eda sufrir modificaciones o actualizaciones en cualquier momento por parte de Urbanhub y Afiliadas. En caso de que esto ocurra, dichas modificaciones estar\u00e1n disponibles para el p\u00fablico a trav\u00e9s de nuestra p\u00e1gina web (<a rel=\"noopener\" target=\"_new\" href=\"https:\/\/urbanista.mx\/en\/\">www.urbanista.mx<\/a>). Le recomendamos visitar nuestro sitio web de manera peri\u00f3dica para mantenerse informado acerca de dichas actualizaciones o modificaciones.<\/p><h3>IX. CONSENTIMIENTO Y REVOCACI\u00d3N<\/h3><p>Al poner su firma en este documento, el titular declara que ha tomado conocimiento del contenido de este Aviso y que otorga su consentimiento para el manejo de sus Datos Personales conforme a los t\u00e9rminos y condiciones aqu\u00ed estipulados. Dicho consentimiento tambi\u00e9n abarca el tratamiento de sus Datos Personales, Sensibles, Patrimoniales y Financieros.<\/p>\t\t\t\t\t\t\t\t<\/div>\n\t\t\t\t\t<\/div>\n\t\t\t\t<\/div>\n\t\t\t\t<\/div>","protected":false},"excerpt":{"rendered":"<p>Aviso de privacidad Conforme a lo dictado por la Ley Federal de Protecci\u00f3n de Datos Personales en Posesi\u00f3n de Particulares (en lo sucesivo \u201cla Ley\u201d), queremos informarle de lo siguiente: I. DEFINICIONES En el contexto del presente aviso de privacidad (en lo sucesivo \u201cel Aviso\u201d), se establecen ciertos t\u00e9rminos que tendr\u00e1n un significado espec\u00edfico para [&hellip;]<\/p>\n","protected":false},"author":3,"featured_media":0,"parent":0,"menu_order":0,"comment_status":"closed","ping_status":"closed","template":"","meta":{"footnotes":""},"class_list":["post-3014","page","type-page","status-publish","hentry"],"_links":{"self":[{"href":"https:\/\/urbanista.mx\/en\/wp-json\/wp\/v2\/pages\/3014","targetHints":{"allow":["GET"]}}],"collection":[{"href":"https:\/\/urbanista.mx\/en\/wp-json\/wp\/v2\/pages"}],"about":[{"href":"https:\/\/urbanista.mx\/en\/wp-json\/wp\/v2\/types\/page"}],"author":[{"embeddable":true,"href":"https:\/\/urbanista.mx\/en\/wp-json\/wp\/v2\/users\/3"}],"replies":[{"embeddable":true,"href":"https:\/\/urbanista.mx\/en\/wp-json\/wp\/v2\/comments?post=3014"}],"version-history":[{"count":0,"href":"https:\/\/urbanista.mx\/en\/wp-json\/wp\/v2\/pages\/3014\/revisions"}],"wp:attachment":[{"href":"https:\/\/urbanista.mx\/en\/wp-json\/wp\/v2\/media?parent=3014"}],"curies":[{"name":"wp","href":"https:\/\/api.w.org\/{rel}","templated":true}]}}